{"id":7426,"date":"2024-02-21T15:14:54","date_gmt":"2024-02-21T14:14:54","guid":{"rendered":"https:\/\/algebra.sg\/partnership\/"},"modified":"2024-03-27T11:01:20","modified_gmt":"2024-03-27T10:01:20","slug":"partnership","status":"publish","type":"page","link":"https:\/\/algebra.sg\/it\/partnership\/","title":{"rendered":"Partnership"},"content":{"rendered":"<div class=\"wp-block-image\">\n<figure class=\"aligncenter size-full is-resized\"><img loading=\"lazy\" decoding=\"async\" width=\"600\" height=\"279\" src=\"https:\/\/algebra.sg\/wp-content\/uploads\/2024\/02\/logo-Horizon-Consulting-manual-.jpg\" alt=\"logo Horizon consulting\" class=\"wp-image-7348\" style=\"width:840px;height:auto\" srcset=\"https:\/\/algebra.sg\/wp-content\/uploads\/2024\/02\/logo-Horizon-Consulting-manual-.jpg 600w, https:\/\/algebra.sg\/wp-content\/uploads\/2024\/02\/logo-Horizon-Consulting-manual--300x140.jpg 300w\" sizes=\"auto, (max-width: 600px) 100vw, 600px\" \/><\/figure><\/div>\n\n\n<p><strong>Servizi professionali di consulenza per far crescere la tua azienda.<\/strong><\/p>\n\n\n\n<p>Siamo un nuovo&nbsp;network internazionale&nbsp;costituito da&nbsp;societ\u00e0 indipendenti&nbsp;di&nbsp;consulenza fiscale,&nbsp;finanziaria&nbsp;e&nbsp;gestionale&nbsp;che operano in differenti&nbsp;paesi europei.<\/p>\n\n\n\n<p>Lavoriamo con le&nbsp;aziende associate, sfruttando le&nbsp;forze combinate&nbsp;per creare&nbsp;valore&nbsp;e consentir loro di&nbsp;offrire soluzioni&nbsp;globali&nbsp;ai loro clienti.<\/p>\n\n\n\n<p>Il&nbsp;valore&nbsp;del&nbsp;network&nbsp;\u00e8 il&nbsp;risultato diretto&nbsp;di ci\u00f2 che sta al&nbsp;centro&nbsp;della nostra&nbsp;attivit\u00e0:&nbsp;conoscenza internazionale,&nbsp;esperienza&nbsp;comprovata e&nbsp;relazioni durature.<\/p>\n\n\n\n<p>All\u2019interno della nostra rete consolidata, le nostre aziende associate offrono preziose competenze sia in&nbsp;prospettiva locale&nbsp;che&nbsp;internazionale&nbsp;per aiutarti a&nbsp;raggiungere le tue ambizioni. I nostri professionisti globali supportano l\u2019evoluzione del business condividendo&nbsp;competenze,&nbsp;intuizioni,&nbsp;risorse&nbsp;e&nbsp;conoscenza del mercato.<\/p>\n\n\n\n<p><strong>La nostra rete<\/strong><\/p>\n\n\n\n<p>Attraverso la&nbsp;nostra rete, valorizziamo la&nbsp;qualit\u00e0, facilitiamo la&nbsp;collaborazione di esperti&nbsp;e ci allineiamo ai pi\u00f9&nbsp;elevati standard&nbsp;di audit,&nbsp;contabilit\u00e0&nbsp;e&nbsp;servizi di consulenza&nbsp;che consentono la fornitura di&nbsp;efficaci soluzioni&nbsp;sia in ambito locale che&nbsp;globale.<\/p>\n\n\n\n<p><strong>Precisione e Personalizzazione<\/strong><\/p>\n\n\n\n<p>Al centro di tutto ci\u00f2 che facciamo c\u2019\u00e8 il nostro&nbsp;impegno personale, sviluppato attraverso la&nbsp;nostra rete&nbsp;altamente attiva che assicura&nbsp;continuit\u00e0,&nbsp;competenza&nbsp;e una&nbsp;profonda comprensione&nbsp;della tua attivit\u00e0.<\/p>\n\n\n\n<p>Ci puoi trovare in Italia, Albania, Croazia, Paesi Baltici, Polonia, Portogallo, Repubblica Ceca, Romania, Slovacchia, Spagna, Ungheria, Oceania, Filippine, Vietnam e Singapore.<\/p>\n\n\n\n<div class=\"wrap\"><a class=\"btn btn-primary\" href=\"https:\/\/www.horizonconsulting.org\/\" rel=\"noopener noreferrer\" target=\"_blank\">Horizon Consulting<\/a><\/div>\n\n\n\n<hr class=\"wp-block-separator has-alpha-channel-opacity is-style-dots\"\/>\n\n\n<div class=\"wp-block-image\">\n<figure class=\"aligncenter size-full is-resized\"><img loading=\"lazy\" decoding=\"async\" width=\"500\" height=\"500\" src=\"https:\/\/algebra.sg\/wp-content\/uploads\/2024\/02\/GWA-LOGO-HD.jpg\" alt=\"logo GWA\" class=\"wp-image-7375\" style=\"width:500px;height:auto\" srcset=\"https:\/\/algebra.sg\/wp-content\/uploads\/2024\/02\/GWA-LOGO-HD.jpg 500w, https:\/\/algebra.sg\/wp-content\/uploads\/2024\/02\/GWA-LOGO-HD-300x300.jpg 300w, https:\/\/algebra.sg\/wp-content\/uploads\/2024\/02\/GWA-LOGO-HD-150x150.jpg 150w, https:\/\/algebra.sg\/wp-content\/uploads\/2024\/02\/GWA-LOGO-HD-100x100.jpg 100w\" sizes=\"auto, (max-width: 500px) 100vw, 500px\" \/><\/figure><\/div>\n\n\n<p><strong>GWA ASIA \u00e8 una societ\u00e0 di consulenza legale, fiscale e contabile<\/strong> con sede a Shanghai e una forte presenza in citt\u00e0 asiatiche come Bangkok, Pechino, Hanoi, Hong Kong, Saigon, Singapore e Tokyo. E con uffici anche nelle citt\u00e0 italiane di Bergamo e Milano.<\/p>\n\n\n\n<p>Il team di <strong>oltre 40 specialisti<\/strong> in materia legale, fiscale e contabile fornisce un supporto completo alle imprese europee che si espandono in Asia. GWA rimuove gli ostacoli e facilita le transizioni, assistendo un ampio spettro di clienti in diversi settori.<\/p>\n\n\n\n<div class=\"wrap\"><a class=\"btn btn-primary\" href=\"https:\/\/www.gwa-asia.com\/\" rel=\"noopener noreferrer\" target=\"_blank\">GWA Asia<\/a><\/div>\n\n\n\n<hr class=\"wp-block-separator has-alpha-channel-opacity is-style-dots\"\/>\n\n\n\n<div style=\"height:66px\" aria-hidden=\"true\" class=\"wp-block-spacer\"><\/div>\n\n\n<div class=\"wp-block-image\">\n<figure class=\"aligncenter size-full\"><img loading=\"lazy\" decoding=\"async\" width=\"922\" height=\"299\" src=\"https:\/\/algebra.sg\/wp-content\/uploads\/2024\/03\/BELLUZZO_INTERNATIONALPARTNERS.jpg\" alt=\"belluzzo\" class=\"wp-image-7450\" srcset=\"https:\/\/algebra.sg\/wp-content\/uploads\/2024\/03\/BELLUZZO_INTERNATIONALPARTNERS.jpg 922w, https:\/\/algebra.sg\/wp-content\/uploads\/2024\/03\/BELLUZZO_INTERNATIONALPARTNERS-300x97.jpg 300w, https:\/\/algebra.sg\/wp-content\/uploads\/2024\/03\/BELLUZZO_INTERNATIONALPARTNERS-768x249.jpg 768w\" sizes=\"auto, (max-width: 706px) 89vw, (max-width: 767px) 82vw, 740px\" \/><\/figure><\/div>\n\n\n<div style=\"height:66px\" aria-hidden=\"true\" class=\"wp-block-spacer\"><\/div>\n\n\n\n<p>Belluzzo International Partners \u00e8 una <strong>boutique professionale multidisciplinare, internazionale e indipendente<\/strong> che offre consulenza qualificata e assistenza negli ambiti <strong>Advisory &amp; Litigation<\/strong>, <strong>Business &amp; Compliance<\/strong>, <strong>Service &amp; Solutions<\/strong>.<\/p>\n\n\n\n<p>I nostri Professionisti hanno una consolidata esperienza negli ambiti Wealth, Law, Tax, Finance e creano <strong>soluzioni su misura per Clienti con complesse problematiche multi-giurisdizione<\/strong> fornendo consulenza mirata ad ottimizzare i loro business in piena compliance.<\/p>\n\n\n\n<p>Nei nostri uffici in Italia \u2013 Verona, Milano, Roma, nel Regno Unito \u2013 Londra, in Svizzera \u2013 Lugano e in Singapore, molti dei nostri <strong>Professionisti sono qualificati in pi\u00f9 di una giurisdizione<\/strong> ed abbiamo una <strong>rete di corrispondenti<\/strong> nelle principali piazze finanziarie e mercantili mondiali per assicurare sempre soluzioni su misura.<\/p>\n\n\n\n<div class=\"wrap\"><a class=\"btn btn-primary\" href=\"https:\/\/belluzzo.net\/en\/home\/international\" rel=\"noopener noreferrer\" target=\"_blank\">Belluzzo Internationa Partners<\/a><\/div>\n\n\n\n<div style=\"height:66px\" aria-hidden=\"true\" class=\"wp-block-spacer\"><\/div>\n","protected":false},"excerpt":{"rendered":"<p>Servizi professionali di consulenza per far crescere la tua azienda. Siamo un nuovo&nbsp;network internazionale&nbsp;costituito da&nbsp;societ\u00e0 indipendenti&nbsp;di&nbsp;consulenza fiscale,&nbsp;finanziaria&nbsp;e&nbsp;gestionale&nbsp;che operano in differenti&nbsp;paesi europei. Lavoriamo con le&nbsp;aziende associate, sfruttando le&nbsp;forze combinate&nbsp;per creare&nbsp;valore&nbsp;e consentir loro di&nbsp;offrire soluzioni&nbsp;globali&nbsp;ai loro clienti. Il&nbsp;valore&nbsp;del&nbsp;network&nbsp;\u00e8 il&nbsp;risultato diretto&nbsp;di ci\u00f2 che sta al&nbsp;centro&nbsp;della nostra&nbsp;attivit\u00e0:&nbsp;conoscenza internazionale,&nbsp;esperienza&nbsp;comprovata e&nbsp;relazioni durature. All\u2019interno della nostra rete consolidata, le nostre aziende associate &hellip; <\/p>\n<p class=\"link-more\"><a href=\"https:\/\/algebra.sg\/it\/partnership\/\" class=\"more-link\">Continue reading<span class=\"screen-reader-text\"> &#8220;Partnership&#8221;<\/span><\/a><\/p>\n","protected":false},"author":2,"featured_media":0,"parent":0,"menu_order":0,"comment_status":"closed","ping_status":"closed","template":"pages-template\/partnership.php","meta":{"footnotes":""},"class_list":["post-7426","page","type-page","status-publish","hentry"],"acf":[],"yoast_head":"<!-- This site is optimized with the Yoast SEO plugin v25.9 - https:\/\/yoast.com\/wordpress\/plugins\/seo\/ -->\n<title>Partnership | Algebra<\/title>\n<meta name=\"robots\" content=\"index, follow, max-snippet:-1, max-image-preview:large, max-video-preview:-1\" \/>\n<link rel=\"canonical\" href=\"https:\/\/algebra.sg\/it\/partnership\/\" \/>\n<meta property=\"og:locale\" content=\"it_IT\" \/>\n<meta property=\"og:type\" content=\"article\" \/>\n<meta property=\"og:title\" content=\"Partnership | Algebra\" \/>\n<meta property=\"og:description\" content=\"Servizi professionali di consulenza per far crescere la tua azienda. Siamo un nuovo&nbsp;network internazionale&nbsp;costituito da&nbsp;societ\u00e0 indipendenti&nbsp;di&nbsp;consulenza fiscale,&nbsp;finanziaria&nbsp;e&nbsp;gestionale&nbsp;che operano in differenti&nbsp;paesi europei. Lavoriamo con le&nbsp;aziende associate, sfruttando le&nbsp;forze combinate&nbsp;per creare&nbsp;valore&nbsp;e consentir loro di&nbsp;offrire soluzioni&nbsp;globali&nbsp;ai loro clienti. Il&nbsp;valore&nbsp;del&nbsp;network&nbsp;\u00e8 il&nbsp;risultato diretto&nbsp;di ci\u00f2 che sta al&nbsp;centro&nbsp;della nostra&nbsp;attivit\u00e0:&nbsp;conoscenza internazionale,&nbsp;esperienza&nbsp;comprovata e&nbsp;relazioni durature. All\u2019interno della nostra rete consolidata, le nostre aziende associate &hellip; Continue reading &quot;Partnership&quot;\" \/>\n<meta property=\"og:url\" content=\"https:\/\/algebra.sg\/it\/partnership\/\" \/>\n<meta property=\"og:site_name\" content=\"Algebra\" \/>\n<meta property=\"article:modified_time\" content=\"2024-03-27T10:01:20+00:00\" \/>\n<meta property=\"og:image\" content=\"https:\/\/algebra.sg\/wp-content\/uploads\/2024\/02\/logo-Horizon-Consulting-manual-.jpg\" \/>\n<meta name=\"twitter:card\" content=\"summary_large_image\" \/>\n<meta name=\"twitter:label1\" content=\"Tempo di lettura stimato\" \/>\n\t<meta name=\"twitter:data1\" content=\"3 minuti\" \/>\n<script type=\"application\/ld+json\" class=\"yoast-schema-graph\">{\"@context\":\"https:\/\/schema.org\",\"@graph\":[{\"@type\":\"WebPage\",\"@id\":\"https:\/\/algebra.sg\/it\/partnership\/\",\"url\":\"https:\/\/algebra.sg\/it\/partnership\/\",\"name\":\"Partnership | Algebra\",\"isPartOf\":{\"@id\":\"https:\/\/algebra.sg\/#website\"},\"primaryImageOfPage\":{\"@id\":\"https:\/\/algebra.sg\/it\/partnership\/#primaryimage\"},\"image\":{\"@id\":\"https:\/\/algebra.sg\/it\/partnership\/#primaryimage\"},\"thumbnailUrl\":\"https:\/\/algebra.sg\/wp-content\/uploads\/2024\/02\/logo-Horizon-Consulting-manual-.jpg\",\"datePublished\":\"2024-02-21T14:14:54+00:00\",\"dateModified\":\"2024-03-27T10:01:20+00:00\",\"breadcrumb\":{\"@id\":\"https:\/\/algebra.sg\/it\/partnership\/#breadcrumb\"},\"inLanguage\":\"it-IT\",\"potentialAction\":[{\"@type\":\"ReadAction\",\"target\":[\"https:\/\/algebra.sg\/it\/partnership\/\"]}]},{\"@type\":\"ImageObject\",\"inLanguage\":\"it-IT\",\"@id\":\"https:\/\/algebra.sg\/it\/partnership\/#primaryimage\",\"url\":\"https:\/\/algebra.sg\/wp-content\/uploads\/2024\/02\/logo-Horizon-Consulting-manual-.jpg\",\"contentUrl\":\"https:\/\/algebra.sg\/wp-content\/uploads\/2024\/02\/logo-Horizon-Consulting-manual-.jpg\"},{\"@type\":\"BreadcrumbList\",\"@id\":\"https:\/\/algebra.sg\/it\/partnership\/#breadcrumb\",\"itemListElement\":[{\"@type\":\"ListItem\",\"position\":1,\"name\":\"Home\",\"item\":\"https:\/\/algebra.sg\/it\/\"},{\"@type\":\"ListItem\",\"position\":2,\"name\":\"Partnership\"}]},{\"@type\":\"WebSite\",\"@id\":\"https:\/\/algebra.sg\/#website\",\"url\":\"https:\/\/algebra.sg\/\",\"name\":\"Algebra\",\"description\":\"\",\"publisher\":{\"@id\":\"https:\/\/algebra.sg\/#organization\"},\"potentialAction\":[{\"@type\":\"SearchAction\",\"target\":{\"@type\":\"EntryPoint\",\"urlTemplate\":\"https:\/\/algebra.sg\/?s={search_term_string}\"},\"query-input\":{\"@type\":\"PropertyValueSpecification\",\"valueRequired\":true,\"valueName\":\"search_term_string\"}}],\"inLanguage\":\"it-IT\"},{\"@type\":\"Organization\",\"@id\":\"https:\/\/algebra.sg\/#organization\",\"name\":\"Algebra\",\"url\":\"https:\/\/algebra.sg\/\",\"logo\":{\"@type\":\"ImageObject\",\"inLanguage\":\"it-IT\",\"@id\":\"https:\/\/algebra.sg\/#\/schema\/logo\/image\/\",\"url\":\"https:\/\/algebra.sg\/wp-content\/uploads\/2022\/03\/logo.svg\",\"contentUrl\":\"https:\/\/algebra.sg\/wp-content\/uploads\/2022\/03\/logo.svg\",\"width\":202,\"height\":45,\"caption\":\"Algebra\"},\"image\":{\"@id\":\"https:\/\/algebra.sg\/#\/schema\/logo\/image\/\"}}]}<\/script>\n<!-- \/ Yoast SEO plugin. -->","yoast_head_json":{"title":"Partnership | Algebra","robots":{"index":"index","follow":"follow","max-snippet":"max-snippet:-1","max-image-preview":"max-image-preview:large","max-video-preview":"max-video-preview:-1"},"canonical":"https:\/\/algebra.sg\/it\/partnership\/","og_locale":"it_IT","og_type":"article","og_title":"Partnership | Algebra","og_description":"Servizi professionali di consulenza per far crescere la tua azienda. Siamo un nuovo&nbsp;network internazionale&nbsp;costituito da&nbsp;societ\u00e0 indipendenti&nbsp;di&nbsp;consulenza fiscale,&nbsp;finanziaria&nbsp;e&nbsp;gestionale&nbsp;che operano in differenti&nbsp;paesi europei. Lavoriamo con le&nbsp;aziende associate, sfruttando le&nbsp;forze combinate&nbsp;per creare&nbsp;valore&nbsp;e consentir loro di&nbsp;offrire soluzioni&nbsp;globali&nbsp;ai loro clienti. Il&nbsp;valore&nbsp;del&nbsp;network&nbsp;\u00e8 il&nbsp;risultato diretto&nbsp;di ci\u00f2 che sta al&nbsp;centro&nbsp;della nostra&nbsp;attivit\u00e0:&nbsp;conoscenza internazionale,&nbsp;esperienza&nbsp;comprovata e&nbsp;relazioni durature. All\u2019interno della nostra rete consolidata, le nostre aziende associate &hellip; Continue reading \"Partnership\"","og_url":"https:\/\/algebra.sg\/it\/partnership\/","og_site_name":"Algebra","article_modified_time":"2024-03-27T10:01:20+00:00","og_image":[{"url":"https:\/\/algebra.sg\/wp-content\/uploads\/2024\/02\/logo-Horizon-Consulting-manual-.jpg","type":"","width":"","height":""}],"twitter_card":"summary_large_image","twitter_misc":{"Tempo di lettura stimato":"3 minuti"},"schema":{"@context":"https:\/\/schema.org","@graph":[{"@type":"WebPage","@id":"https:\/\/algebra.sg\/it\/partnership\/","url":"https:\/\/algebra.sg\/it\/partnership\/","name":"Partnership | Algebra","isPartOf":{"@id":"https:\/\/algebra.sg\/#website"},"primaryImageOfPage":{"@id":"https:\/\/algebra.sg\/it\/partnership\/#primaryimage"},"image":{"@id":"https:\/\/algebra.sg\/it\/partnership\/#primaryimage"},"thumbnailUrl":"https:\/\/algebra.sg\/wp-content\/uploads\/2024\/02\/logo-Horizon-Consulting-manual-.jpg","datePublished":"2024-02-21T14:14:54+00:00","dateModified":"2024-03-27T10:01:20+00:00","breadcrumb":{"@id":"https:\/\/algebra.sg\/it\/partnership\/#breadcrumb"},"inLanguage":"it-IT","potentialAction":[{"@type":"ReadAction","target":["https:\/\/algebra.sg\/it\/partnership\/"]}]},{"@type":"ImageObject","inLanguage":"it-IT","@id":"https:\/\/algebra.sg\/it\/partnership\/#primaryimage","url":"https:\/\/algebra.sg\/wp-content\/uploads\/2024\/02\/logo-Horizon-Consulting-manual-.jpg","contentUrl":"https:\/\/algebra.sg\/wp-content\/uploads\/2024\/02\/logo-Horizon-Consulting-manual-.jpg"},{"@type":"BreadcrumbList","@id":"https:\/\/algebra.sg\/it\/partnership\/#breadcrumb","itemListElement":[{"@type":"ListItem","position":1,"name":"Home","item":"https:\/\/algebra.sg\/it\/"},{"@type":"ListItem","position":2,"name":"Partnership"}]},{"@type":"WebSite","@id":"https:\/\/algebra.sg\/#website","url":"https:\/\/algebra.sg\/","name":"Algebra","description":"","publisher":{"@id":"https:\/\/algebra.sg\/#organization"},"potentialAction":[{"@type":"SearchAction","target":{"@type":"EntryPoint","urlTemplate":"https:\/\/algebra.sg\/?s={search_term_string}"},"query-input":{"@type":"PropertyValueSpecification","valueRequired":true,"valueName":"search_term_string"}}],"inLanguage":"it-IT"},{"@type":"Organization","@id":"https:\/\/algebra.sg\/#organization","name":"Algebra","url":"https:\/\/algebra.sg\/","logo":{"@type":"ImageObject","inLanguage":"it-IT","@id":"https:\/\/algebra.sg\/#\/schema\/logo\/image\/","url":"https:\/\/algebra.sg\/wp-content\/uploads\/2022\/03\/logo.svg","contentUrl":"https:\/\/algebra.sg\/wp-content\/uploads\/2022\/03\/logo.svg","width":202,"height":45,"caption":"Algebra"},"image":{"@id":"https:\/\/algebra.sg\/#\/schema\/logo\/image\/"}}]}},"_links":{"self":[{"href":"https:\/\/algebra.sg\/it\/wp-json\/wp\/v2\/pages\/7426","targetHints":{"allow":["GET"]}}],"collection":[{"href":"https:\/\/algebra.sg\/it\/wp-json\/wp\/v2\/pages"}],"about":[{"href":"https:\/\/algebra.sg\/it\/wp-json\/wp\/v2\/types\/page"}],"author":[{"embeddable":true,"href":"https:\/\/algebra.sg\/it\/wp-json\/wp\/v2\/users\/2"}],"replies":[{"embeddable":true,"href":"https:\/\/algebra.sg\/it\/wp-json\/wp\/v2\/comments?post=7426"}],"version-history":[{"count":5,"href":"https:\/\/algebra.sg\/it\/wp-json\/wp\/v2\/pages\/7426\/revisions"}],"predecessor-version":[{"id":7452,"href":"https:\/\/algebra.sg\/it\/wp-json\/wp\/v2\/pages\/7426\/revisions\/7452"}],"wp:attachment":[{"href":"https:\/\/algebra.sg\/it\/wp-json\/wp\/v2\/media?parent=7426"}],"curies":[{"name":"wp","href":"https:\/\/api.w.org\/{rel}","templated":true}]}}