{"id":3,"date":"2022-02-08T14:39:47","date_gmt":"2022-02-08T13:39:47","guid":{"rendered":"https:\/\/algebra.sg\/?page_id=3"},"modified":"2022-05-03T10:06:33","modified_gmt":"2022-05-03T08:06:33","slug":"privacy-policy","status":"publish","type":"page","link":"https:\/\/algebra.sg\/it\/privacy-policy\/","title":{"rendered":"Privacy Policy"},"content":{"rendered":"\n\n<h2><strong>Informativa sul trattamento dei dati personali<\/strong><\/h2><p>In questa pagina si descrivono le modalit\u00e0 di gestione del presente sito in riferimento al trattamento dei dati personali degli utenti che li consultano. Si tratta di un\u2019informativa che \u00e8 resa in conformit\u00e0 alla vigente normativa in materia dei dati personali per gli utenti che interagiscono con i servizi del presente sito nel quadro del Regolamento Ue 2016\/679. L\u2019informativa \u00e8 resa solo per il presente sito e non anche per altri siti web eventualmente consultati dall\u2019utente tramite i nostri link.<\/p><h3><strong>Il \u201ctitolare\u201d del trattamento<\/strong><\/h3><p>A seguito della consultazione del sito possono essere trattati dati relativi a persone identificate o identificabili. Il \u201ctitolare\u201d del loro trattamento \u00e8 Algebra Pte Ltd con sede in &nbsp; 19 Cecil Street, #04-01 Singapore 049704<\/p><h3><strong>Luogo di trattamento dei dati<\/strong><\/h3><p>I trattamenti connessi ai servizi web e sono curati solo da personale tecnico dell\u2019Ufficio incaricato del trattamento, oppure da eventuali incaricati di occasionali operazioni di manutenzione. Nessun dato derivante dal servizio web viene comunicato o diffuso.<\/p><h3>Finalit\u00e0 del trattamento e base giuridica del trattamento<\/h3><p>I dati personali forniti dagli utenti che compiono le azioni richieste da specifiche funzioni del sito, inoltrano richieste o intendono utilizzare servizi offerti tramite il sito nonch\u00e9 ricevere ulteriori specifici contenuti, sono utilizzati al solo fine di gestire le azioni compiute dagli utenti, dare riscontro alle loro richieste o eseguire il servizio o la prestazione richiesta e sono comunicati a terzi nel solo caso in cui ci\u00f2 sia a tal fine necessario. Base giuridica di questi trattamenti \u00e8 la necessit\u00e0 di dare riscontro alle richieste degli interessati o eseguire attivit\u00e0 previste dagli accordi definiti con gli interessati in relazione ad eventuali obblighi contrattuali precontrattuali o di legge. In caso di raccolta di dati mediante form specifici e per finalit\u00e0 ulteriori viene fornit\u00e0 specifica informativa inerente il trattamento dei dati cos\u00ec raccolti.<\/p><h2><strong>Tipi di dati trattati<\/strong><\/h2><h3><strong>Dati di navigazione<\/strong><\/h3><p>I sistemi informatici e le procedure software preposte al funzionamento del sito acquisiscono, nel corso del loro normale esercizio, alcuni dati personali la cui trasmissione \u00e8 implicita nell\u2019uso dei protocolli di comunicazione di Internet. Si tratta di informazioni che non sono raccolte per essere associate a interessati identificati, ma che per loro stessa natura potrebbero, attraverso elaborazioni ed associazioni con dati detenuti da terzi, permettere di identificare gli utenti. In questa categoria di dati rientrano gli indirizzi IP o i nomi a dominio dei computer utilizzati dagli utenti che si connettono al sito, gli indirizzi in notazione URI (Uniform Resource Identifier) delle risorse richieste, l\u2019orario della richiesta, il metodo utilizzato nel sottoporre la richiesta al server, la dimensione del file ottenuto in risposta, il codice numerico indicante lo stato della risposta data dal server (buon fine, errore, ecc.) ed altri parametri relativi al sistema operativo e all\u2019ambiente informatico dell\u2019utente. Questi dati vengono utilizzati al solo fine di ricavare informazioni statistiche anonime sull\u2019uso del sito e per controllarne il corretto funzionamento e vengono cancellati dopo l\u2019elaborazione. I dati potrebbero essere utilizzati per l\u2019accertamento di responsabilit\u00e0 in caso di ipotetici reati informatici ai danni del sito.<\/p><h3><strong>Dati forniti volontariamente dall\u2019utente<\/strong><\/h3><p>L\u2019invio facoltativo, esplicito e volontario di posta elettronica agli indirizzi indicati sul sito comporta la successiva acquisizione dell\u2019indirizzo del mittente, necessario per rispondere alle richieste, nonch\u00e9 degli eventuali altri dati personali inseriti nella missiva. Specifiche informative di sintesi potranno essere di volta in volta visualizzate nelle pagine del sito predisposte per particolari servizi a richiesta.<\/p><h3><strong>Cookies<\/strong><\/h3><p>Per cookies si intende un elemento testuale che viene inserito nel disco fisso di un computer solo in seguito ad autorizzazione. I cookies hanno la funzione di snellire l\u2019analisi del traffico su web o di segnalare quando un sito specifico viene visitato e consentono alle applicazioni web di inviare informazioni a singoli utenti. Per maggiori dettagli sull\u2019 utilizzo dei cookies da parte del sito si rimanda all\u2019apposita Cookie policy consultabile nel sito.&nbsp;<\/p><h3><strong>Facoltativit\u00e0 del conferimento dei dati<\/strong><\/h3><p>A parte quanto specificato per i dati di navigazione, l\u2019utente \u00e8 libero di fornire i dati personali per richiedere i servizi offerti dal Titolare. Il loro mancato conferimento pu\u00f2 comportare l\u2019impossibilit\u00e0 di ottenere quanto richiesto.<\/p><h3><strong>Modalit\u00e0 del trattamento e tempi di conservazione dei dati<\/strong><\/h3><p>I dati personali sono trattati con strumenti automatizzati per il tempo strettamente necessario a conseguire gli scopi per cui sono stati raccolti. Specifiche misure di sicurezza sono osservate per prevenire la perdita dei dati, usi illeciti o non corretti ed accessi non autorizzati.<\/p><p>I dati sono conservati per il tempo strettamente necessario per il perseguimento delle finalit\u00e0 indicate nella presente informativa e saranno cancellati al termine di tale periodo, salvo che i dati stessi debbano essere conservati per obblighi di legge o per far valere un diritto in sede giudiziaria.&nbsp;<\/p><h3><strong>Diritti degli interessati<\/strong><\/h3><p>Nei limiti e alle condizioni previste dalla legge, il titolare ha l\u2019obbligo di rispondere alle richieste dell\u2019interessato in merito ai dati personali che lo riguardano. In particolare, in base alla vigente normativa:<\/p><p>1. L&#8217;interessato ha il diritto di ottenere dal titolare del trattamento la conferma che sia o meno in corso un trattamento di dati personali che lo riguardano e in tal caso, di ottenere l&#8217;accesso ai dati personali e alle seguenti informazioni:<\/p><ul><li>le finalit\u00e0 del trattamento;<\/li><li>le categorie di dati personali in questione;<\/li><li>i destinatari o le categorie di destinatari a cui i dati personali sono stati o saranno comunicati, in particolare se destinatari di paesi terzi o organizzazioni internazionali;<\/li><li>quando possibile, il periodo di conservazione dei dati personali previsto oppure, se non \u00e8 possibile, i criteri utilizzati per determinare tale periodo;<\/li><li>l&#8217;esistenza del diritto dell&#8217;interessato di chiedere al titolare del trattamento la rettifica o la cancellazione dei dati personali o la limitazione del trattamento dei dati personali che lo riguardano o di opporsi al loro trattamento;<\/li><li>il diritto di proporre reclamo a un&#8217;autorit\u00e0 di controllo;<\/li><li>qualora i dati non siano raccolti presso l&#8217;interessato, tutte le informazioni disponibili sulla loro origine;<\/li><li>l&#8217;esistenza di un processo decisionale automatizzato, compresa la profilazione<\/li><\/ul><p>2. L&#8217;interessato ha il diritto di ottenere dal titolare del trattamento la rettifica dei dati personali inesatti che lo riguardano senza ingiustificato ritardo. Tenuto conto delle finalit\u00e0 del trattamento, l&#8217;interessato ha il diritto di ottenere l&#8217;integrazione dei dati personali incompleti, anche fornendo una dichiarazione integrativa.<\/p><p>3. L&#8217;interessato ha il diritto di ottenere dal titolare del trattamento la cancellazione dei dati personali che lo riguardano senza ingiustificato ritardo e il titolare del trattamento ha l&#8217;obbligo di cancellare senza ingiustificato ritardo i dati personali nei limiti e nei casi previsti dalla vigente normativa. Il titolare del trattamento comunica a ciascuno dei destinatari cui sono stati trasmessi i dati personali le eventuali rettifiche o cancellazioni o limitazioni del trattamento nei limiti e nelle forme previste dalla vigente normativa.<\/p><p>4. L&#8217;interessato ha il diritto di ottenere dal titolare del trattamento la limitazione del trattamento.<\/p><p>5. L&#8217;interessato ha il diritto di ricevere in un formato strutturato, di uso comune e leggibile da dispositivo automatico i dati personali che lo riguardano forniti a un titolare del trattamento e ha il diritto di trasmettere tali dati a un altro titolare del trattamento senza impedimenti da parte del titolare del trattamento cui li ha forniti.<\/p><p>Per esercitare i diritti sopra elencati, l\u2019interessato dovr\u00e0 presentare richiesta utilizzando i seguenti dati di contatto:&nbsp; Algebra Pte Ltd 19 Cecil Street, #04-01\nSingapore 049704&nbsp; info@algebra.sg<\/p><p>tramite i quali pu\u00f2 essere contattato anche il Responsabile della protezione dei dati all\u2019indirizzo indicato qui sotto: le richieste vanno rivolte al Titolare ai seguenti dati di contatto Algebra Pte Ltd 19 Cecil Street, #04-01\nSingapore 049704 info@algebra.sg<\/p><p>La presente versione dell\u2019informativa sul trattamento dei dati personali \u00e8 stata aggiornata il giorno 28 aprile 2022.&nbsp;<\/p>\n\n","protected":false},"excerpt":{"rendered":"<p>Informativa sul trattamento dei dati personali In questa pagina si descrivono le modalit\u00e0 di gestione del presente sito in riferimento al trattamento dei dati personali degli utenti che li consultano. Si tratta di un\u2019informativa che \u00e8 resa in conformit\u00e0 alla vigente normativa in materia dei dati personali per gli utenti che interagiscono con i servizi &hellip; <\/p>\n<p class=\"link-more\"><a href=\"https:\/\/algebra.sg\/it\/privacy-policy\/\" class=\"more-link\">Continue reading<span class=\"screen-reader-text\"> &#8220;Privacy Policy&#8221;<\/span><\/a><\/p>\n","protected":false},"author":2,"featured_media":0,"parent":0,"menu_order":0,"comment_status":"closed","ping_status":"open","template":"pages-template\/typ.php","meta":{"footnotes":""},"class_list":["post-3","page","type-page","status-publish","hentry"],"acf":[],"yoast_head":"<!-- This site is optimized with the Yoast SEO plugin v25.9 - https:\/\/yoast.com\/wordpress\/plugins\/seo\/ -->\n<title>Privacy Policy | Algebra<\/title>\n<meta name=\"robots\" content=\"index, follow, max-snippet:-1, max-image-preview:large, max-video-preview:-1\" \/>\n<link rel=\"canonical\" href=\"https:\/\/algebra.sg\/it\/privacy-policy\/\" \/>\n<meta property=\"og:locale\" content=\"it_IT\" \/>\n<meta property=\"og:type\" content=\"article\" \/>\n<meta property=\"og:title\" content=\"Privacy Policy | Algebra\" \/>\n<meta property=\"og:description\" content=\"Informativa sul trattamento dei dati personali In questa pagina si descrivono le modalit\u00e0 di gestione del presente sito in riferimento al trattamento dei dati personali degli utenti che li consultano. Si tratta di un\u2019informativa che \u00e8 resa in conformit\u00e0 alla vigente normativa in materia dei dati personali per gli utenti che interagiscono con i servizi &hellip; Continue reading &quot;Privacy Policy&quot;\" \/>\n<meta property=\"og:url\" content=\"https:\/\/algebra.sg\/it\/privacy-policy\/\" \/>\n<meta property=\"og:site_name\" content=\"Algebra\" \/>\n<meta property=\"article:modified_time\" content=\"2022-05-03T08:06:33+00:00\" \/>\n<meta name=\"twitter:card\" content=\"summary_large_image\" \/>\n<meta name=\"twitter:label1\" content=\"Tempo di lettura stimato\" \/>\n\t<meta name=\"twitter:data1\" content=\"7 minuti\" \/>\n<script type=\"application\/ld+json\" class=\"yoast-schema-graph\">{\"@context\":\"https:\/\/schema.org\",\"@graph\":[{\"@type\":\"WebPage\",\"@id\":\"https:\/\/algebra.sg\/it\/privacy-policy\/\",\"url\":\"https:\/\/algebra.sg\/it\/privacy-policy\/\",\"name\":\"Privacy Policy | Algebra\",\"isPartOf\":{\"@id\":\"https:\/\/algebra.sg\/#website\"},\"datePublished\":\"2022-02-08T13:39:47+00:00\",\"dateModified\":\"2022-05-03T08:06:33+00:00\",\"breadcrumb\":{\"@id\":\"https:\/\/algebra.sg\/it\/privacy-policy\/#breadcrumb\"},\"inLanguage\":\"it-IT\",\"potentialAction\":[{\"@type\":\"ReadAction\",\"target\":[\"https:\/\/algebra.sg\/it\/privacy-policy\/\"]}]},{\"@type\":\"BreadcrumbList\",\"@id\":\"https:\/\/algebra.sg\/it\/privacy-policy\/#breadcrumb\",\"itemListElement\":[{\"@type\":\"ListItem\",\"position\":1,\"name\":\"Home\",\"item\":\"https:\/\/algebra.sg\/it\/\"},{\"@type\":\"ListItem\",\"position\":2,\"name\":\"Privacy Policy\"}]},{\"@type\":\"WebSite\",\"@id\":\"https:\/\/algebra.sg\/#website\",\"url\":\"https:\/\/algebra.sg\/\",\"name\":\"Algebra\",\"description\":\"\",\"publisher\":{\"@id\":\"https:\/\/algebra.sg\/#organization\"},\"potentialAction\":[{\"@type\":\"SearchAction\",\"target\":{\"@type\":\"EntryPoint\",\"urlTemplate\":\"https:\/\/algebra.sg\/?s={search_term_string}\"},\"query-input\":{\"@type\":\"PropertyValueSpecification\",\"valueRequired\":true,\"valueName\":\"search_term_string\"}}],\"inLanguage\":\"it-IT\"},{\"@type\":\"Organization\",\"@id\":\"https:\/\/algebra.sg\/#organization\",\"name\":\"Algebra\",\"url\":\"https:\/\/algebra.sg\/\",\"logo\":{\"@type\":\"ImageObject\",\"inLanguage\":\"it-IT\",\"@id\":\"https:\/\/algebra.sg\/#\/schema\/logo\/image\/\",\"url\":\"https:\/\/algebra.sg\/wp-content\/uploads\/2022\/03\/logo.svg\",\"contentUrl\":\"https:\/\/algebra.sg\/wp-content\/uploads\/2022\/03\/logo.svg\",\"width\":202,\"height\":45,\"caption\":\"Algebra\"},\"image\":{\"@id\":\"https:\/\/algebra.sg\/#\/schema\/logo\/image\/\"}}]}<\/script>\n<!-- \/ Yoast SEO plugin. -->","yoast_head_json":{"title":"Privacy Policy | Algebra","robots":{"index":"index","follow":"follow","max-snippet":"max-snippet:-1","max-image-preview":"max-image-preview:large","max-video-preview":"max-video-preview:-1"},"canonical":"https:\/\/algebra.sg\/it\/privacy-policy\/","og_locale":"it_IT","og_type":"article","og_title":"Privacy Policy | Algebra","og_description":"Informativa sul trattamento dei dati personali In questa pagina si descrivono le modalit\u00e0 di gestione del presente sito in riferimento al trattamento dei dati personali degli utenti che li consultano. Si tratta di un\u2019informativa che \u00e8 resa in conformit\u00e0 alla vigente normativa in materia dei dati personali per gli utenti che interagiscono con i servizi &hellip; Continue reading \"Privacy Policy\"","og_url":"https:\/\/algebra.sg\/it\/privacy-policy\/","og_site_name":"Algebra","article_modified_time":"2022-05-03T08:06:33+00:00","twitter_card":"summary_large_image","twitter_misc":{"Tempo di lettura stimato":"7 minuti"},"schema":{"@context":"https:\/\/schema.org","@graph":[{"@type":"WebPage","@id":"https:\/\/algebra.sg\/it\/privacy-policy\/","url":"https:\/\/algebra.sg\/it\/privacy-policy\/","name":"Privacy Policy | Algebra","isPartOf":{"@id":"https:\/\/algebra.sg\/#website"},"datePublished":"2022-02-08T13:39:47+00:00","dateModified":"2022-05-03T08:06:33+00:00","breadcrumb":{"@id":"https:\/\/algebra.sg\/it\/privacy-policy\/#breadcrumb"},"inLanguage":"it-IT","potentialAction":[{"@type":"ReadAction","target":["https:\/\/algebra.sg\/it\/privacy-policy\/"]}]},{"@type":"BreadcrumbList","@id":"https:\/\/algebra.sg\/it\/privacy-policy\/#breadcrumb","itemListElement":[{"@type":"ListItem","position":1,"name":"Home","item":"https:\/\/algebra.sg\/it\/"},{"@type":"ListItem","position":2,"name":"Privacy Policy"}]},{"@type":"WebSite","@id":"https:\/\/algebra.sg\/#website","url":"https:\/\/algebra.sg\/","name":"Algebra","description":"","publisher":{"@id":"https:\/\/algebra.sg\/#organization"},"potentialAction":[{"@type":"SearchAction","target":{"@type":"EntryPoint","urlTemplate":"https:\/\/algebra.sg\/?s={search_term_string}"},"query-input":{"@type":"PropertyValueSpecification","valueRequired":true,"valueName":"search_term_string"}}],"inLanguage":"it-IT"},{"@type":"Organization","@id":"https:\/\/algebra.sg\/#organization","name":"Algebra","url":"https:\/\/algebra.sg\/","logo":{"@type":"ImageObject","inLanguage":"it-IT","@id":"https:\/\/algebra.sg\/#\/schema\/logo\/image\/","url":"https:\/\/algebra.sg\/wp-content\/uploads\/2022\/03\/logo.svg","contentUrl":"https:\/\/algebra.sg\/wp-content\/uploads\/2022\/03\/logo.svg","width":202,"height":45,"caption":"Algebra"},"image":{"@id":"https:\/\/algebra.sg\/#\/schema\/logo\/image\/"}}]}},"_links":{"self":[{"href":"https:\/\/algebra.sg\/it\/wp-json\/wp\/v2\/pages\/3","targetHints":{"allow":["GET"]}}],"collection":[{"href":"https:\/\/algebra.sg\/it\/wp-json\/wp\/v2\/pages"}],"about":[{"href":"https:\/\/algebra.sg\/it\/wp-json\/wp\/v2\/types\/page"}],"author":[{"embeddable":true,"href":"https:\/\/algebra.sg\/it\/wp-json\/wp\/v2\/users\/2"}],"replies":[{"embeddable":true,"href":"https:\/\/algebra.sg\/it\/wp-json\/wp\/v2\/comments?post=3"}],"version-history":[{"count":3,"href":"https:\/\/algebra.sg\/it\/wp-json\/wp\/v2\/pages\/3\/revisions"}],"predecessor-version":[{"id":6775,"href":"https:\/\/algebra.sg\/it\/wp-json\/wp\/v2\/pages\/3\/revisions\/6775"}],"wp:attachment":[{"href":"https:\/\/algebra.sg\/it\/wp-json\/wp\/v2\/media?parent=3"}],"curies":[{"name":"wp","href":"https:\/\/api.w.org\/{rel}","templated":true}]}}